{"id":155,"date":"2014-10-09T18:12:23","date_gmt":"2014-10-09T16:12:23","guid":{"rendered":"http:\/\/cars.zinno.de\/?page_id=155"},"modified":"2014-10-09T19:53:29","modified_gmt":"2014-10-09T17:53:29","slug":"155-2","status":"publish","type":"page","link":"http:\/\/cars.zinno.de\/?page_id=155","title":{"rendered":"Golf II US Modell"},"content":{"rendered":"<h2 style=\"text-align: left;\">Im Besitz von 04\/2007 \u2013 12\/2009<\/h2>\n<hr \/>\n<h2 style=\"text-align: left;\"><a href=\"http:\/\/cars.zinno.de\/wp-content\/uploads\/2014\/10\/US_Golf_001.jpg\"><img loading=\"lazy\" decoding=\"async\" class=\"alignnone size-medium wp-image-156\" src=\"http:\/\/cars.zinno.de\/wp-content\/uploads\/2014\/10\/US_Golf_001-300x199.jpg\" alt=\"US_Golf_001\" width=\"300\" height=\"199\" srcset=\"http:\/\/cars.zinno.de\/wp-content\/uploads\/2014\/10\/US_Golf_001-300x199.jpg 300w, http:\/\/cars.zinno.de\/wp-content\/uploads\/2014\/10\/US_Golf_001-624x414.jpg 624w, http:\/\/cars.zinno.de\/wp-content\/uploads\/2014\/10\/US_Golf_001.jpg 800w\" sizes=\"auto, (max-width: 300px) 100vw, 300px\" \/><\/a> <a href=\"http:\/\/cars.zinno.de\/wp-content\/uploads\/2014\/10\/US_Golf_002.jpg\"><img loading=\"lazy\" decoding=\"async\" class=\"alignnone size-medium wp-image-157\" src=\"http:\/\/cars.zinno.de\/wp-content\/uploads\/2014\/10\/US_Golf_002-300x199.jpg\" alt=\"US_Golf_002\" width=\"300\" height=\"199\" srcset=\"http:\/\/cars.zinno.de\/wp-content\/uploads\/2014\/10\/US_Golf_002-300x199.jpg 300w, http:\/\/cars.zinno.de\/wp-content\/uploads\/2014\/10\/US_Golf_002-624x414.jpg 624w, http:\/\/cars.zinno.de\/wp-content\/uploads\/2014\/10\/US_Golf_002.jpg 800w\" sizes=\"auto, (max-width: 300px) 100vw, 300px\" \/><\/a> <a href=\"http:\/\/cars.zinno.de\/wp-content\/uploads\/2014\/10\/US_Golf_003.jpg\"><img loading=\"lazy\" decoding=\"async\" class=\"alignnone size-medium wp-image-158\" src=\"http:\/\/cars.zinno.de\/wp-content\/uploads\/2014\/10\/US_Golf_003-300x199.jpg\" alt=\"US_Golf_003\" width=\"300\" height=\"199\" srcset=\"http:\/\/cars.zinno.de\/wp-content\/uploads\/2014\/10\/US_Golf_003-300x199.jpg 300w, http:\/\/cars.zinno.de\/wp-content\/uploads\/2014\/10\/US_Golf_003-624x414.jpg 624w, http:\/\/cars.zinno.de\/wp-content\/uploads\/2014\/10\/US_Golf_003.jpg 800w\" sizes=\"auto, (max-width: 300px) 100vw, 300px\" \/><\/a> <a href=\"http:\/\/cars.zinno.de\/wp-content\/uploads\/2014\/10\/US_Golf_004.jpg\"><img loading=\"lazy\" decoding=\"async\" class=\"alignnone size-medium wp-image-159\" src=\"http:\/\/cars.zinno.de\/wp-content\/uploads\/2014\/10\/US_Golf_004-300x199.jpg\" alt=\"US_Golf_004\" width=\"300\" height=\"199\" srcset=\"http:\/\/cars.zinno.de\/wp-content\/uploads\/2014\/10\/US_Golf_004-300x199.jpg 300w, http:\/\/cars.zinno.de\/wp-content\/uploads\/2014\/10\/US_Golf_004-624x414.jpg 624w, http:\/\/cars.zinno.de\/wp-content\/uploads\/2014\/10\/US_Golf_004.jpg 800w\" sizes=\"auto, (max-width: 300px) 100vw, 300px\" \/><\/a> <a href=\"http:\/\/cars.zinno.de\/wp-content\/uploads\/2014\/10\/US_Golf_005.jpg\"><img loading=\"lazy\" decoding=\"async\" class=\"alignnone size-medium wp-image-160\" src=\"http:\/\/cars.zinno.de\/wp-content\/uploads\/2014\/10\/US_Golf_005-300x199.jpg\" alt=\"US_Golf_005\" width=\"300\" height=\"199\" srcset=\"http:\/\/cars.zinno.de\/wp-content\/uploads\/2014\/10\/US_Golf_005-300x199.jpg 300w, http:\/\/cars.zinno.de\/wp-content\/uploads\/2014\/10\/US_Golf_005-624x414.jpg 624w, http:\/\/cars.zinno.de\/wp-content\/uploads\/2014\/10\/US_Golf_005.jpg 800w\" sizes=\"auto, (max-width: 300px) 100vw, 300px\" \/><\/a> <a href=\"http:\/\/cars.zinno.de\/wp-content\/uploads\/2014\/10\/IMG_3907.jpg\"><img loading=\"lazy\" decoding=\"async\" class=\"alignnone size-medium wp-image-161\" src=\"http:\/\/cars.zinno.de\/wp-content\/uploads\/2014\/10\/IMG_3907-300x199.jpg\" alt=\"IMG_3907\" width=\"300\" height=\"199\" srcset=\"http:\/\/cars.zinno.de\/wp-content\/uploads\/2014\/10\/IMG_3907-300x199.jpg 300w, http:\/\/cars.zinno.de\/wp-content\/uploads\/2014\/10\/IMG_3907-624x414.jpg 624w, http:\/\/cars.zinno.de\/wp-content\/uploads\/2014\/10\/IMG_3907.jpg 800w\" sizes=\"auto, (max-width: 300px) 100vw, 300px\" \/><\/a> <a href=\"http:\/\/cars.zinno.de\/wp-content\/uploads\/2014\/10\/IMG_3915.jpg\"><img loading=\"lazy\" decoding=\"async\" class=\"alignnone size-medium wp-image-162\" src=\"http:\/\/cars.zinno.de\/wp-content\/uploads\/2014\/10\/IMG_3915-300x199.jpg\" alt=\"IMG_3915\" width=\"300\" height=\"199\" srcset=\"http:\/\/cars.zinno.de\/wp-content\/uploads\/2014\/10\/IMG_3915-300x199.jpg 300w, http:\/\/cars.zinno.de\/wp-content\/uploads\/2014\/10\/IMG_3915-624x414.jpg 624w, http:\/\/cars.zinno.de\/wp-content\/uploads\/2014\/10\/IMG_3915.jpg 800w\" sizes=\"auto, (max-width: 300px) 100vw, 300px\" \/><\/a> <a href=\"http:\/\/cars.zinno.de\/wp-content\/uploads\/2014\/10\/IMG_3926.jpg\"><img loading=\"lazy\" decoding=\"async\" class=\"alignnone size-medium wp-image-164\" src=\"http:\/\/cars.zinno.de\/wp-content\/uploads\/2014\/10\/IMG_3926-300x199.jpg\" alt=\"IMG_3926\" width=\"300\" height=\"199\" srcset=\"http:\/\/cars.zinno.de\/wp-content\/uploads\/2014\/10\/IMG_3926-300x199.jpg 300w, http:\/\/cars.zinno.de\/wp-content\/uploads\/2014\/10\/IMG_3926-624x414.jpg 624w, http:\/\/cars.zinno.de\/wp-content\/uploads\/2014\/10\/IMG_3926.jpg 800w\" sizes=\"auto, (max-width: 300px) 100vw, 300px\" \/><\/a><\/h2>\n<hr \/>\n<p>vorher:<\/p>\n<p><a href=\"http:\/\/cars.zinno.de\/wp-content\/uploads\/2014\/10\/US_Golf_Neuaufbau_12.jpg\"><img loading=\"lazy\" decoding=\"async\" class=\"alignnone size-medium wp-image-168\" src=\"http:\/\/cars.zinno.de\/wp-content\/uploads\/2014\/10\/US_Golf_Neuaufbau_12-225x300.jpg\" alt=\"US_Golf_Neuaufbau_12\" width=\"225\" height=\"300\" srcset=\"http:\/\/cars.zinno.de\/wp-content\/uploads\/2014\/10\/US_Golf_Neuaufbau_12-225x300.jpg 225w, http:\/\/cars.zinno.de\/wp-content\/uploads\/2014\/10\/US_Golf_Neuaufbau_12.jpg 360w\" sizes=\"auto, (max-width: 225px) 100vw, 225px\" \/><\/a> <a href=\"http:\/\/cars.zinno.de\/wp-content\/uploads\/2014\/10\/US_Golf_Neuaufbau_11.jpg\"><img loading=\"lazy\" decoding=\"async\" class=\"alignnone size-medium wp-image-167\" src=\"http:\/\/cars.zinno.de\/wp-content\/uploads\/2014\/10\/US_Golf_Neuaufbau_11-225x300.jpg\" alt=\"US_Golf_Neuaufbau_11\" width=\"225\" height=\"300\" srcset=\"http:\/\/cars.zinno.de\/wp-content\/uploads\/2014\/10\/US_Golf_Neuaufbau_11-225x300.jpg 225w, http:\/\/cars.zinno.de\/wp-content\/uploads\/2014\/10\/US_Golf_Neuaufbau_11.jpg 360w\" sizes=\"auto, (max-width: 225px) 100vw, 225px\" \/><\/a> <a href=\"http:\/\/cars.zinno.de\/wp-content\/uploads\/2014\/10\/US_Golf_Neuaufbau_09.jpg\"><img loading=\"lazy\" decoding=\"async\" class=\"alignnone size-medium wp-image-166\" src=\"http:\/\/cars.zinno.de\/wp-content\/uploads\/2014\/10\/US_Golf_Neuaufbau_09-225x300.jpg\" alt=\"US_Golf_Neuaufbau_09\" width=\"225\" height=\"300\" srcset=\"http:\/\/cars.zinno.de\/wp-content\/uploads\/2014\/10\/US_Golf_Neuaufbau_09-225x300.jpg 225w, http:\/\/cars.zinno.de\/wp-content\/uploads\/2014\/10\/US_Golf_Neuaufbau_09.jpg 360w\" sizes=\"auto, (max-width: 225px) 100vw, 225px\" \/><\/a> <a href=\"http:\/\/cars.zinno.de\/wp-content\/uploads\/2014\/10\/US_Golf_Neuaufbau_08.jpg\"><img loading=\"lazy\" decoding=\"async\" class=\"alignnone size-medium wp-image-165\" src=\"http:\/\/cars.zinno.de\/wp-content\/uploads\/2014\/10\/US_Golf_Neuaufbau_08-225x300.jpg\" alt=\"US_Golf_Neuaufbau_08\" width=\"225\" height=\"300\" srcset=\"http:\/\/cars.zinno.de\/wp-content\/uploads\/2014\/10\/US_Golf_Neuaufbau_08-225x300.jpg 225w, http:\/\/cars.zinno.de\/wp-content\/uploads\/2014\/10\/US_Golf_Neuaufbau_08.jpg 360w\" sizes=\"auto, (max-width: 225px) 100vw, 225px\" \/><\/a><\/p>\n<hr \/>\n<p>&nbsp;<\/p>\n<table width=\"100%\">\n<tbody>\n<tr>\n<td width=\"192\">Typ\/Basis:<\/td>\n<td>Golf 2 US Modell (19E)<\/td>\n<\/tr>\n<tr>\n<td width=\"192\">Baujahr:<\/td>\n<td>Juli 1991<\/td>\n<\/tr>\n<tr>\n<td width=\"192\">Motor:<\/td>\n<td>107 PS GTI Motor (MKB:PF)<\/td>\n<\/tr>\n<tr>\n<td width=\"192\">Auspuff:<\/td>\n<td>Serie GTI<\/td>\n<\/tr>\n<tr>\n<td width=\"192\">Fahrwerk:<\/td>\n<td>FK Gewindefahrwerk<\/td>\n<\/tr>\n<tr>\n<td width=\"192\">Bremsanlage:<\/td>\n<td>original vom GTI (umger\u00fcstet auf innenbel\u00fcftete Scheiben vorne und Scheibenbremse hinten, da der US Golf serienm\u00e4\u00dfig vorne UNbel\u00fcftete Scheiben und hinten Trommelbremse hat&#8230;)<\/td>\n<\/tr>\n<tr>\n<td width=\"192\"><\/td>\n<td><\/td>\n<\/tr>\n<tr>\n<td width=\"192\">Felgen:<\/td>\n<td>AZEV E in 9&#215;16 ET 15 mit 215\/40-16 Toyo Snowprox S952<\/td>\n<\/tr>\n<tr>\n<td width=\"192\">Karosserie:<\/td>\n<td>schwarze Rallye Front mit Bi-Xenon, schwarze Blinker, rot-schwarze US R\u00fcckleuchten, schwarze Nebelscheinwerfer<\/td>\n<\/tr>\n<tr>\n<td width=\"192\"><\/td>\n<td>Heckwischer umgelegt, G60 Kotfl\u00fcgel,<\/td>\n<\/tr>\n<tr>\n<td width=\"192\">Interieur:<\/td>\n<td>28er Momo Team Lenkrad, Edition One Recaro Innenausstattung elektrisch und mit Sitzheizung, Golf 3 Mittelarmlehne<\/td>\n<\/tr>\n<tr>\n<td width=\"192\">Serienm\u00e4\u00dfige Ausstattung:<\/td>\n<td>original Klimaanlage, h\u00f6henverstellbare Lenks\u00e4ule, Schiebedach, US Tacho, Servolenkung<\/td>\n<\/tr>\n<tr>\n<td width=\"192\">HiFi:<\/td>\n<td>JVC MP3 CD Receiver<\/td>\n<\/tr>\n<\/tbody>\n<\/table>\n<p>&nbsp;<\/p>\n<p>einige Informationen zum US Golf, die ich von <a href=\"http:\/\/www.doppel-wobber.de\/\">www.doppel-wobber.de<\/a> \u00fcbernommen habe:<\/p>\n<p>Die amerikanische Version des VW Golf. Volkswagen hat den Golf stark an den US-Markt angepasst &#8211; vor allem ausstattungstechnisch. Das markanteste Merkmal sind die eckigen &#8222;Sealed-Beam&#8220;-Scheinwerfer &#8211; 1985\/1986 mit quadratischer Form (ausser GTI), 1987\/1988 wurden die Jetta-Scheinwerfer verbaut.<br \/>\nAu\u00dferdem gab es keinen Golf 2 G60 in den USA &#8211; daf\u00fcr aber einen nicht bei uns angebotenen 2.0 16 V (Motor aus Passat).<br \/>\nGebaut wurde der <em>Golf 2 <\/em>bis zur Schlie\u00dfung des US-Werkes im Juli 1988 in Pennsylvania, danach wurden die US-Modelle in Mexiko produziert.<br \/>\nWas viele nicht wissen: am <em>Golf 2<\/em> gab es nie die so genannte &#8222;US-Kennzeichenmulden&#8220;; diese kleinen Kennzeichenaussparungen wurden erst am 3er verbaut.<br \/>\nAlle USA-Modelle (ab Modelljahr 1986) und alle Kanada-Modelle (ab Modelljahr 1987) haben eine dritte Bremsleuchte serienm\u00e4\u00dfig &#8211; bedingt durch gesetzliche Vorschriften. Leichte Unterschiede gibt es in der Sicherheitsausstattung; zum einen haben diese keine Nebelschlussleuchte, daf\u00fcr aber ein Warnlicht f\u00fcr Sicherheitsgurte und das Bremsenwarnlicht ist mit dem Zusatz &#8222;BRAKE&#8220; beschriftet.<br \/>\nUnterschiede zur deutschen Version:<\/p>\n<ul>\n<li>rechteckige Scheinwerfer<\/li>\n<li>ge\u00e4nderte R\u00fcckleuchten (Bremslicht\/keine Nebelschlussleuchte)<\/li>\n<li>Geschwindigkeitsmesser mit Meilenanzeige<\/li>\n<li>Sealed-Beam-Scheinwerfer<\/li>\n<li>l\u00e4ngliche Seitenblinker\/Positionsleuchten im vorderen Teil der Kotfl\u00fcgel<\/li>\n<li>kleinere Frontblinker mit Positionslicht in orange<\/li>\n<li>geklebte Frontscheibe<\/li>\n<li>R\u00fcckspiegel an Frontscheibe geklebt<\/li>\n<li>Tempomat<\/li>\n<li>h\u00f6henverstellbares Lenkrad<\/li>\n<li>Klimaanlage f\u00fcr alle Motorvarianten als Aufpreis erh\u00e4ltlich<\/li>\n<li>gepolsterte Armanturentafel (serienm\u00e4\u00dfig f\u00fcr alle USA-Modelle, da Pflicht)<\/li>\n<li>dritte Bremsleuchte (serienm\u00e4\u00dfig f\u00fcr alle USA-Modelle, da Pflicht)<\/li>\n<li>Warnlicht f\u00fcr nicht angelegte Sicherheitsgurte<\/li>\n<li>Bremswarnlicht mit Aufschrift &#8222;BRAKE&#8220;<\/li>\n<li>Lambdasonden-Kontroll-LED<\/li>\n<li>FIN-Plakette auf Armaturentafel<\/li>\n<\/ul>\n<p>optional erh\u00e4ltlich:<\/p>\n<ul>\n<li>Stahlschiebedach<\/li>\n<li>Geschwindigkeitsregelanlage<\/li>\n<li>3-Gang Automatic Getriebe<\/li>\n<li>Klimaanlage (wohl das meistgeorderte Extra in den USA)<\/li>\n<\/ul>\n<p>&nbsp;<\/p>\n","protected":false},"excerpt":{"rendered":"<p>Im Besitz von 04\/2007 \u2013 12\/2009 vorher: &nbsp; Typ\/Basis: Golf 2 US Modell (19E) Baujahr: [&hellip;]<\/p>\n","protected":false},"author":1,"featured_media":0,"parent":153,"menu_order":0,"comment_status":"closed","ping_status":"closed","template":"","meta":{"footnotes":""},"class_list":["post-155","page","type-page","status-publish","hentry"],"_links":{"self":[{"href":"http:\/\/cars.zinno.de\/index.php?rest_route=\/wp\/v2\/pages\/155","targetHints":{"allow":["GET"]}}],"collection":[{"href":"http:\/\/cars.zinno.de\/index.php?rest_route=\/wp\/v2\/pages"}],"about":[{"href":"http:\/\/cars.zinno.de\/index.php?rest_route=\/wp\/v2\/types\/page"}],"author":[{"embeddable":true,"href":"http:\/\/cars.zinno.de\/index.php?rest_route=\/wp\/v2\/users\/1"}],"replies":[{"embeddable":true,"href":"http:\/\/cars.zinno.de\/index.php?rest_route=%2Fwp%2Fv2%2Fcomments&post=155"}],"version-history":[{"count":0,"href":"http:\/\/cars.zinno.de\/index.php?rest_route=\/wp\/v2\/pages\/155\/revisions"}],"up":[{"embeddable":true,"href":"http:\/\/cars.zinno.de\/index.php?rest_route=\/wp\/v2\/pages\/153"}],"wp:attachment":[{"href":"http:\/\/cars.zinno.de\/index.php?rest_route=%2Fwp%2Fv2%2Fmedia&parent=155"}],"curies":[{"name":"wp","href":"https:\/\/api.w.org\/{rel}","templated":true}]}}